{"id":12,"date":"2020-10-27T20:55:16","date_gmt":"2020-10-27T23:55:16","guid":{"rendered":"https:\/\/metalaquece.com.br\/?page_id=12"},"modified":"2021-03-01T16:30:24","modified_gmt":"2021-03-01T19:30:24","slug":"a-empresa","status":"publish","type":"page","link":"https:\/\/metalaquece.com.br\/","title":{"rendered":"METAL AQUECE"},"content":{"rendered":"\n<p>A <strong>METAL AQUECE <\/strong>\u00e9 uma empresa voltada para fornecimento de <strong>servi\u00e7os, pe\u00e7as e equipamentos<\/strong> para selagem em frascos por indu\u00e7\u00e3o magn\u00e9tica. Nossos profissionais trabalham no ramo desde 1998 e est\u00e3o prontos para atender de forma objetiva e transparente.<\/p>\n\n\n\n<h2 class=\"wp-block-heading\"><strong>SERVI\u00c7OS<\/strong> &#8211; ASSIST\u00caNCIA T\u00c9CNICA<\/h2>\n\n\n\n<div class=\"wp-block-image\"><figure class=\"aligncenter size-large is-resized\"><img loading=\"lazy\" decoding=\"async\" src=\"https:\/\/metalaquece.com.br\/wp-content\/uploads\/2021\/02\/ferramentas.png\" alt=\"\" class=\"wp-image-146\" width=\"300\" height=\"230\" srcset=\"https:\/\/metalaquece.com.br\/wp-content\/uploads\/2021\/02\/ferramentas.png 712w, https:\/\/metalaquece.com.br\/wp-content\/uploads\/2021\/02\/ferramentas-300x231.png 300w\" sizes=\"auto, (max-width: 300px) 100vw, 300px\" \/><\/figure><\/div>\n\n\n\n<p>Atendemos todos os modelos de seladora de tampas por indu\u00e7\u00e3o magn\u00e9tica, independente do fabricante. Realizamos <strong>consultoria<\/strong> de selagem, <strong>instala\u00e7\u00e3o<\/strong> e <strong>avalia\u00e7\u00e3o<\/strong> de equipamentos. <strong>Manuten\u00e7\u00e3o<\/strong> preventivas\/corretivas e <strong>treinamento<\/strong> de opera\u00e7\u00e3o\/manuten\u00e7\u00e3o.<\/p>\n\n\n\n<h2 class=\"wp-block-heading\"><strong>PE\u00c7AS<\/strong> <\/h2>\n\n\n\n<div class=\"wp-block-image\"><figure class=\"aligncenter size-large\"><img loading=\"lazy\" decoding=\"async\" width=\"1024\" height=\"442\" src=\"https:\/\/metalaquece.com.br\/wp-content\/uploads\/2021\/02\/Pecas-Seladora-1024x442.png\" alt=\"\" class=\"wp-image-141\" srcset=\"https:\/\/metalaquece.com.br\/wp-content\/uploads\/2021\/02\/Pecas-Seladora-1024x442.png 1024w, https:\/\/metalaquece.com.br\/wp-content\/uploads\/2021\/02\/Pecas-Seladora-300x130.png 300w, https:\/\/metalaquece.com.br\/wp-content\/uploads\/2021\/02\/Pecas-Seladora-768x332.png 768w, https:\/\/metalaquece.com.br\/wp-content\/uploads\/2021\/02\/Pecas-Seladora-1536x664.png 1536w, https:\/\/metalaquece.com.br\/wp-content\/uploads\/2021\/02\/Pecas-Seladora-2048x885.png 2048w\" sizes=\"auto, (max-width: 1024px) 100vw, 1024px\" \/><\/figure><\/div>\n\n\n\n<p>A <strong>METAL AQUECE<\/strong> oferece todas as pe\u00e7as necess\u00e1rias para seladoras de tampas por indu\u00e7\u00e3o atrav\u00e9s de duas vertentes: Industrializa\u00e7\u00e3o pr\u00f3pria e parceiros fornecedores.<\/p>\n\n\n\n<h2 class=\"wp-block-heading\"><strong>EQUIPAMENTO<\/strong> <\/h2>\n\n\n\n<div class=\"wp-block-image\"><figure class=\"aligncenter size-large\"><img loading=\"lazy\" decoding=\"async\" width=\"419\" height=\"486\" src=\"https:\/\/metalaquece.com.br\/wp-content\/uploads\/2021\/02\/image.png\" alt=\"\" class=\"wp-image-144\" srcset=\"https:\/\/metalaquece.com.br\/wp-content\/uploads\/2021\/02\/image.png 419w, https:\/\/metalaquece.com.br\/wp-content\/uploads\/2021\/02\/image-259x300.png 259w\" sizes=\"auto, (max-width: 419px) 100vw, 419px\" \/><\/figure><\/div>\n\n\n\n<p>Com pot\u00eancia de sobra (equipamentos de <strong>5KW<\/strong> &#8211; a maior pot\u00eancia oferecida no mercado de seladoras), nossa Seladora \u00e9 digital, compacta, robusta, segura (atende a NR12), de f\u00e1cil opera\u00e7\u00e3o\/manuten\u00e7\u00e3o e com uma s\u00e9rie de recursos j\u00e1 integrados para aumentar a confiabilidade do processo produtivo. Projeto e fabrica\u00e7\u00e3o pr\u00f3prio, com montagem e tecnologia 100% <strong>nacional<\/strong> visando o atendimento aos mais variados processos de produ\u00e7\u00e3o. <\/p>\n\n\n\n<p><\/p>\n\n\n\n<h2 class=\"wp-block-heading\"><strong>Nossa Miss\u00e3o<\/strong><\/h2>\n\n\n\n<figure class=\"wp-block-pullquote\"><blockquote><p>Ser uma empresa inovadora, atendendo com efici\u00eancia a necessidade de todos os clientes, em nosso mercado de atua\u00e7\u00e3o.<\/p><\/blockquote><\/figure>\n\n\n\n<h2 class=\"wp-block-heading\"><strong>Nossa Vis\u00e3o<\/strong><\/h2>\n\n\n\n<figure class=\"wp-block-pullquote\"><blockquote><p>Ser uma empresa que leve solu\u00e7\u00e3o para a ind\u00fastria atrav\u00e9s de equipamentos robustos, confi\u00e1veis e com tecnologia.<\/p><\/blockquote><\/figure>\n\n\n\n<h2 class=\"wp-block-heading\"><strong>Nossos Valores<\/strong><\/h2>\n\n\n\n<figure class=\"wp-block-pullquote\"><blockquote><p>Transpar\u00eancia, comprometimento e \u00e9tica. <\/p><p>Qualidade de nossos produtos e servi\u00e7os.<\/p><\/blockquote><\/figure>\n\n\n\n<p><\/p>\n","protected":false},"excerpt":{"rendered":"<p>A METAL AQUECE \u00e9 uma empresa voltada para fornecimento de servi\u00e7os, pe\u00e7as e equipamentos para selagem em frascos por indu\u00e7\u00e3o magn\u00e9tica. Nossos profissionais trabalham no ramo desde 1998 e est\u00e3o prontos para atender de forma objetiva e transparente. SERVI\u00c7OS &#8211; ASSIST\u00caNCIA T\u00c9CNICA Atendemos todos os modelos de seladora de tampas por indu\u00e7\u00e3o magn\u00e9tica, independente do [&hellip;]<\/p>\n","protected":false},"author":1,"featured_media":0,"parent":0,"menu_order":0,"comment_status":"closed","ping_status":"closed","template":"","meta":{"footnotes":""},"class_list":["post-12","page","type-page","status-publish","hentry"],"yoast_head":"<!-- This site is optimized with the Yoast SEO plugin v15.4 - https:\/\/yoast.com\/wordpress\/plugins\/seo\/ -->\n<title>Seladora por Indu\u00e7\u00e3o - METAL AQUECE<\/title>\n<meta name=\"description\" content=\"Empresa voltada para fornecimento de servi\u00e7os, pe\u00e7as e equipamentos para selagem em frascos por indu\u00e7\u00e3o magn\u00e9tica para a ind\u00fastria.\" \/>\n<meta name=\"robots\" content=\"index, follow, max-snippet:-1, max-image-preview:large, max-video-preview:-1\" \/>\n<link rel=\"canonical\" href=\"https:\/\/metalaquece.com.br\/\" \/>\n<meta property=\"og:locale\" content=\"pt_BR\" \/>\n<meta property=\"og:type\" content=\"article\" \/>\n<meta property=\"og:title\" content=\"Seladora por Indu\u00e7\u00e3o - METAL AQUECE\" \/>\n<meta property=\"og:description\" content=\"Empresa voltada para fornecimento de servi\u00e7os, pe\u00e7as e equipamentos para selagem em frascos por indu\u00e7\u00e3o magn\u00e9tica para a ind\u00fastria.\" \/>\n<meta property=\"og:url\" content=\"https:\/\/metalaquece.com.br\/\" \/>\n<meta property=\"og:site_name\" content=\"METAL AQUECE\" \/>\n<meta property=\"article:modified_time\" content=\"2021-03-01T19:30:24+00:00\" \/>\n<meta property=\"og:image\" content=\"https:\/\/metalaquece.com.br\/wp-content\/uploads\/2021\/02\/ferramentas.png\" \/>\n<meta name=\"twitter:card\" content=\"summary_large_image\" \/>\n<meta name=\"twitter:label1\" content=\"Written by\">\n\t<meta name=\"twitter:data1\" content=\"seizokn\">\n\t<meta name=\"twitter:label2\" content=\"Est. reading time\">\n\t<meta name=\"twitter:data2\" content=\"1 minuto\">\n<script type=\"application\/ld+json\" class=\"yoast-schema-graph\">{\"@context\":\"https:\/\/schema.org\",\"@graph\":[{\"@type\":\"WebSite\",\"@id\":\"https:\/\/metalaquece.com.br\/#website\",\"url\":\"https:\/\/metalaquece.com.br\/\",\"name\":\"METAL AQUECE\",\"description\":\"Servi\\u00e7os, pe\\u00e7as e equipamentos para selagem em frascos por indu\\u00e7\\u00e3o magn\\u00e9tica\",\"potentialAction\":[{\"@type\":\"SearchAction\",\"target\":\"https:\/\/metalaquece.com.br\/?s={search_term_string}\",\"query-input\":\"required name=search_term_string\"}],\"inLanguage\":\"pt-BR\"},{\"@type\":\"ImageObject\",\"@id\":\"https:\/\/metalaquece.com.br\/#primaryimage\",\"inLanguage\":\"pt-BR\",\"url\":\"https:\/\/metalaquece.com.br\/wp-content\/uploads\/2021\/02\/ferramentas.png\",\"width\":712,\"height\":548},{\"@type\":\"WebPage\",\"@id\":\"https:\/\/metalaquece.com.br\/#webpage\",\"url\":\"https:\/\/metalaquece.com.br\/\",\"name\":\"Seladora por Indu\\u00e7\\u00e3o - METAL AQUECE\",\"isPartOf\":{\"@id\":\"https:\/\/metalaquece.com.br\/#website\"},\"primaryImageOfPage\":{\"@id\":\"https:\/\/metalaquece.com.br\/#primaryimage\"},\"datePublished\":\"2020-10-27T23:55:16+00:00\",\"dateModified\":\"2021-03-01T19:30:24+00:00\",\"description\":\"Empresa voltada para fornecimento de servi\\u00e7os, pe\\u00e7as e equipamentos para selagem em frascos por indu\\u00e7\\u00e3o magn\\u00e9tica para a ind\\u00fastria.\",\"inLanguage\":\"pt-BR\",\"potentialAction\":[{\"@type\":\"ReadAction\",\"target\":[\"https:\/\/metalaquece.com.br\/\"]}]}]}<\/script>\n<!-- \/ Yoast SEO plugin. -->","_links":{"self":[{"href":"https:\/\/metalaquece.com.br\/index.php?rest_route=\/wp\/v2\/pages\/12","targetHints":{"allow":["GET"]}}],"collection":[{"href":"https:\/\/metalaquece.com.br\/index.php?rest_route=\/wp\/v2\/pages"}],"about":[{"href":"https:\/\/metalaquece.com.br\/index.php?rest_route=\/wp\/v2\/types\/page"}],"author":[{"embeddable":true,"href":"https:\/\/metalaquece.com.br\/index.php?rest_route=\/wp\/v2\/users\/1"}],"replies":[{"embeddable":true,"href":"https:\/\/metalaquece.com.br\/index.php?rest_route=%2Fwp%2Fv2%2Fcomments&post=12"}],"version-history":[{"count":13,"href":"https:\/\/metalaquece.com.br\/index.php?rest_route=\/wp\/v2\/pages\/12\/revisions"}],"predecessor-version":[{"id":183,"href":"https:\/\/metalaquece.com.br\/index.php?rest_route=\/wp\/v2\/pages\/12\/revisions\/183"}],"wp:attachment":[{"href":"https:\/\/metalaquece.com.br\/index.php?rest_route=%2Fwp%2Fv2%2Fmedia&parent=12"}],"curies":[{"name":"wp","href":"https:\/\/api.w.org\/{rel}","templated":true}]}}